{"id":12,"date":"2023-02-06T11:36:57","date_gmt":"2023-02-06T10:36:57","guid":{"rendered":"http:\/\/s793318182.online.de\/product\/hoodie-with-logo"},"modified":"2024-02-12T14:08:58","modified_gmt":"2024-02-12T13:08:58","slug":"hoodie-with-logo","status":"publish","type":"product","link":"https:\/\/magnusens.de\/de\/produkt\/hoodie-with-logo","title":{"rendered":"Breitband Absorber (MM BBA_1) \u2013 The Athur"},"content":{"rendered":"<p><strong>Das Produkt &#8211; The Arthur<\/strong><\/p>\n<p>Der MM BBA_1 von uns auch liebevoll The Arthur genannt, ist der Breitband Absorber der Manufaktur Magnusens. Seine F\u00e4higkeit Widerhall und L\u00e4rm aufzunehmen ist unsere Antwort auf schrecklich klingende und laute R\u00e4ume.<\/p>\n<p>Er vereint ein sp\u00fcrbar leiser- und friedlicheres Raumerlebnis, mit der ruhigen Eleganz die durch seine klaren Linien und versteckten Details zum Ausdruck gebracht wird. Italienische Design Einfl\u00fcsse verbinden Sich mit bayrischer Handwerkskunst und bewusst ausgew\u00e4hlten, nachhaltigen und nat\u00fcrlichen Materialien.<\/p>\n<p>&nbsp;<\/p>\n<p><strong>Was macht er?<\/strong><\/p>\n<p>The Arthur ist ein akustisches Werkzeug, das durch effektive Schalld\u00e4mpfung die Ausbreitung von Schallreflektionen unterdr\u00fccken und dadurch R\u00e4ume sowohl leiser macht als auch angenehmer klingen l\u00e4sst. Er absorbiert Schall im Frequenzspektrum von 80 Hertz bis 10 Kilohertz und zielt besonders auf die Grundfrequenzen der menschlichen Stimme zwischen 100 Hertz und 3 Kilohertz und verbessert dadurch das Raumklang Erlebnis signifikant.<\/p>\n<p><strong>\u00a0<\/strong><\/p>\n<p><strong>Ein besseres Raumklang Erlebnis, was soll das bitte sein? Oder warum brauche ich das?<\/strong><\/p>\n<p>Das Raumklang Erlebnis ist etwas das wir im besten Falle nicht wahrnehmen. F\u00fcr die meisten von uns wird es erst dann greifbar, wenn es gest\u00f6rt ist. Es ist wissenschaftlich mittlerweile klar nachgewiesen, dass bereits geringe Ger\u00e4uschbelastungen unsere Konzentrationsf\u00e4higkeit signifikant reduzieren. Das wirkt sich extrem negativ auf unsere Arbeitsleistung aus. Laut einer renomierten Studie aus dem British Journal of Phsychology verringert sich dadurch unsere Arbeitseffizienz um bis zu 66% (anders gesagt manche Dinge ben\u00f6tigen weit mehr als das Doppelte an Zeit). Gleichzeitig steigt unser Stresslevel, w\u00e4hrend unsere Bereitschaft sich mit Mitmenschen auseinanderzusetzten oder sich z.B. um schreiende oder laut spielende Kinder zu k\u00fcmmern drastisch sinkt.<\/p>\n<p>Gleichzeitig haben Studien aber gezeigt, dass die effektive Verwendung von geeigneten sound masking Technologien die F\u00e4higkeit sich zu konzentrieren um 46% steigert und die Genauigkeit des Kurzzeitged\u00e4chtnisses um 10% erh\u00f6ht.<\/p>\n<p>Der Breitband Absorber The Arthur (MM BBA_1) der Manufaktur Magnusens hilft Dir das Raumklang Erlebnis Deiner R\u00e4ume wieder ins Gleichgewicht zu bringen und dadurch Dein volles Potential zu entfalten, Das hei\u00dft sowohl signifikant effizienter zu arbeiten als auch entspannt und gesund zu leben. Freu Dich auf den Genuss ohne Stress kommunizieren zu k\u00f6nnen.<\/p>\n<p><strong>\u00a0<\/strong><\/p>\n<p><strong>Wof\u00fcr ist er gemacht?<\/strong><\/p>\n<p>Der Breitbandabsorber MMs The Arthur eignet sich besonders in den folgenden Settings:<\/p>\n<p>In Konferenzr\u00e4umen, B\u00fcros und Restaurants (Reduzierung von irritierenden Reverberationen die zu lauten Unterhaltungen f\u00fchren und allgemein zur Reduktion der Lautst\u00e4rke).<\/p>\n<p>Arzt-, Zahnarzt und psychologische Praxen (signifikante Verbesserung der Verst\u00e4ndlichkeit und Reduzierung der Patientenstresslevel durch Absorption lauter Stress Trigger).<\/p>\n<p>Zuhause genau dort wo immer sich Dein Home Office befindet. In Kinderzimmern (Steuerung der Ger\u00e4uschentwicklung unter Beibehaltung der Aufsichtsf\u00e4higkeit). Im Wohnzimmer (zur signifikanten Verbesserung des Klangs Deiner Hifi Anlage oder eines Surround Sound Systems). In Zimmern in denen Musiziert wird.<\/p>\n<p>&nbsp;<\/p>\n<p><strong>Optionen: <\/strong><\/p>\n<p>Magnusens The Arthur ist erh\u00e4ltlich gekleidet in coolem, fein gewobenem Wei\u00df, einem gr\u00f6ber gewobenen warmen Wei\u00df und einem eleganten Dunkelgrau das durchdrungen wird von wei\u00dfen und schwarzen F\u00e4den, die ihm eine wunderbare Lebendigkeit verleihen.<\/p>\n<p>Wenn Du die Schattenfuge aus abgelagertem und gereiftem Massivholz w\u00e4hlst, geben seine klaren modernen Linien den W\u00e4nden Deines Raums zus\u00e4tzlich eine architektonische Struktur und Eleganz, die Du jeden Tag aufs Neue wahrnehmen wirst. Du hast die Wahl zwischen dunkler nahezu astfreien Buche oder dem freundlichen Honig warmen Ton von Fichtenholz<\/p>\n<p>Der MM BBA_1 ist Teil der Breitband Absorber Reihe der Manufaktur Magnusens und ist erh\u00e4ltlich in den Ausf\u00fchrungen MM Home und MM Audiophiles &amp; Musicians. Die Audiophiles &amp; Musicians Linie stellt noch einmal ein Upgrade in Bezug auf Absorbationstechnologie und die Qualit\u00e4t der Absorbierenden Materialien da. Diese steigern den Wirkungsgrad nochmals merklich. Ob das f\u00fcr Dich sinnvoll, unbedingt notwendig oder v\u00f6lliger Overkill ist, erl\u00e4utern wir gerne in einem pers\u00f6nlichen Gespr\u00e4ch.<\/p>\n<p><strong>\u00a0<\/strong><\/p>\n<p><strong>Technische Daten und Absorbationseigenschaften:<\/strong><\/p>\n<p>Wirkungsbereich: zwischen 80 Hertz und 10000 Kilohertz<\/p>\n<p>Absorbations Koeffizient von \u03b1 &gt; 50 bei 200 Hertz (h\u00f6her wenn die Absorber mit Abstand von Wand oder Decke montiert werden.<\/p>\n<p>(spezifischer Str\u00f6mungswiderstand (Flow resistivity of) von 10000 Pa*s\/m2 = 10000 mks rayls\/m)<\/p>\n<p>Der Korpus des Absorbers ist aus Holz das in Schichten um 90\u00b0 queer verleimt wird, um zu verhindern, dass sich das Holz \u00fcber die Zeit hinweg durch Feuchtigkeit, Hitze oder K\u00e4lte verzieht. Dadurch erh\u00e4lt der Absorber eine extrem hohe Stabilit\u00e4t und Haltbarkeit.<\/p>\n<p>Sie k\u00f6nnen den Stoff des Absorbers von uns austauschen lassen.<\/p>\n<p><strong>\u00a0<\/strong><\/p>\n<p><strong>Gr\u00f6\u00dfen und Ma\u00dfe<\/strong><\/p>\n<p>Magnusens The Arthur (MM BBA_1) ist in den folgenden Ma\u00dfen erh\u00e4ltlich:<\/p>\n<p>Square 1: H\u00f6he 900mm, Breite 900mm, Tiefe: 60mm<\/p>\n<p>(Square 2: H\u00f6he 1200mm, Breite 1200mm, Tiefe: 60mm)<\/p>\n<p>Rectangle 1: H\u00f6he 800mm, Breite 600mm, Tiefe: 60mm<\/p>","protected":false},"excerpt":{"rendered":"<p>Der Breitband Absorber der Manufaktur Magnusens.<\/p>","protected":false},"featured_media":1004,"template":"","meta":[],"product_brand":[],"product_cat":[55,53],"product_tag":[],"class_list":{"0":"post-12","1":"product","2":"type-product","3":"status-publish","4":"has-post-thumbnail","6":"product_cat-panelling","7":"product_cat-sound_and_noise","9":"first","10":"instock","11":"taxable","12":"shipping-taxable","13":"purchasable","14":"product-type-simple"},"_links":{"self":[{"href":"https:\/\/magnusens.de\/de\/wp-json\/wp\/v2\/product\/12","targetHints":{"allow":["GET"]}}],"collection":[{"href":"https:\/\/magnusens.de\/de\/wp-json\/wp\/v2\/product"}],"about":[{"href":"https:\/\/magnusens.de\/de\/wp-json\/wp\/v2\/types\/product"}],"wp:featuredmedia":[{"embeddable":true,"href":"https:\/\/magnusens.de\/de\/wp-json\/wp\/v2\/media\/1004"}],"wp:attachment":[{"href":"https:\/\/magnusens.de\/de\/wp-json\/wp\/v2\/media?parent=12"}],"wp:term":[{"taxonomy":"product_brand","embeddable":true,"href":"https:\/\/magnusens.de\/de\/wp-json\/wp\/v2\/product_brand?post=12"},{"taxonomy":"product_cat","embeddable":true,"href":"https:\/\/magnusens.de\/de\/wp-json\/wp\/v2\/product_cat?post=12"},{"taxonomy":"product_tag","embeddable":true,"href":"https:\/\/magnusens.de\/de\/wp-json\/wp\/v2\/product_tag?post=12"}],"curies":[{"name":"wp","href":"https:\/\/api.w.org\/{rel}","templated":true}]}}