{"id":45,"date":"2023-02-16T17:20:30","date_gmt":"2023-02-16T16:20:30","guid":{"rendered":"http:\/\/s793318182.online.de\/product\/v-neck-t-shirt"},"modified":"2024-02-12T15:10:49","modified_gmt":"2024-02-12T14:10:49","slug":"the_lindberg_ceiling_absorber","status":"publish","type":"product","link":"https:\/\/magnusens.de\/de\/produkt\/the_lindberg_ceiling_absorber","title":{"rendered":"The Lindberg &#8211; Ceiling Absorber"},"content":{"rendered":"<p><a id=\"woocommerce-product-updated-message-view-product__link\" href=\"https:\/\/magnusens.de\/\/product\/v-neck-t-shirt\">View Product<\/a><\/p>\n<p>The Lindberg ist ein akustisches Werkzeug, das durch effektive Schalld\u00e4mpfung die Ausbreitung von Schallreflektionen unterdr\u00fccken und dadurch R\u00e4ume sowohl leiser macht als auch angenehmer klingen l\u00e4sst. Er absorbiert Schall im Frequenzspektrum von 80 Hertz bis 10 Kilohertz und zielt besonders auf die Grundfrequenzen der menschlichen Stimme zwischen 100 Hertz und 3 Kilohertz und verbessert dadurch das Raumklang Erlebnis signifikant.<\/p>\n<p>&nbsp;<\/p>","protected":false},"excerpt":{"rendered":"<p>This is a variable product.<\/p>","protected":false},"featured_media":22,"template":"","meta":[],"product_brand":[],"product_cat":[55,53],"product_tag":[],"class_list":{"0":"post-45","1":"product","2":"type-product","3":"status-publish","4":"has-post-thumbnail","6":"product_cat-panelling","7":"product_cat-sound_and_noise","9":"first","10":"instock","11":"taxable","12":"shipping-taxable","13":"purchasable","14":"product-type-variable"},"_links":{"self":[{"href":"https:\/\/magnusens.de\/de\/wp-json\/wp\/v2\/product\/45","targetHints":{"allow":["GET"]}}],"collection":[{"href":"https:\/\/magnusens.de\/de\/wp-json\/wp\/v2\/product"}],"about":[{"href":"https:\/\/magnusens.de\/de\/wp-json\/wp\/v2\/types\/product"}],"wp:featuredmedia":[{"embeddable":true,"href":"https:\/\/magnusens.de\/de\/wp-json\/wp\/v2\/media\/22"}],"wp:attachment":[{"href":"https:\/\/magnusens.de\/de\/wp-json\/wp\/v2\/media?parent=45"}],"wp:term":[{"taxonomy":"product_brand","embeddable":true,"href":"https:\/\/magnusens.de\/de\/wp-json\/wp\/v2\/product_brand?post=45"},{"taxonomy":"product_cat","embeddable":true,"href":"https:\/\/magnusens.de\/de\/wp-json\/wp\/v2\/product_cat?post=45"},{"taxonomy":"product_tag","embeddable":true,"href":"https:\/\/magnusens.de\/de\/wp-json\/wp\/v2\/product_tag?post=45"}],"curies":[{"name":"wp","href":"https:\/\/api.w.org\/{rel}","templated":true}]}}